{"id":67,"date":"2025-03-11T12:39:19","date_gmt":"2025-03-11T12:39:19","guid":{"rendered":"https:\/\/www.jaden-sigma.fr\/?page_id=67"},"modified":"2025-05-29T22:03:40","modified_gmt":"2025-05-29T20:03:40","slug":"elementor-67","status":"publish","type":"page","link":"https:\/\/normadeco.fr\/index.php\/elementor-67\/","title":{"rendered":"Nos R\u00e9alisations"},"content":{"rendered":"<style>.elementor-67 .elementor-element.elementor-element-bb7335c{--display:flex;--min-height:57vh;--flex-direction:column;--container-widget-width:calc( ( 1 - var( --container-widget-flex-grow ) ) * 100% );--container-widget-height:initial;--container-widget-flex-grow:0;--container-widget-align-self:initial;--flex-wrap-mobile:wrap;--justify-content:center;--align-items:stretch;--flex-wrap:wrap;--overlay-opacity:0.75;--padding-top:60px;--padding-bottom:60px;--padding-left:20px;--padding-right:20px;}.elementor-67 .elementor-element.elementor-element-bb7335c:not(.elementor-motion-effects-element-type-background), .elementor-67 .elementor-element.elementor-element-bb7335c > .elementor-motion-effects-container > .elementor-motion-effects-layer{background-color:var( --e-global-color-38c5c8d );background-image:url(\"https:\/\/normadeco.fr\/wp-content\/uploads\/2025\/05\/christmas-trees-with-red-and-golden-decoration-in-shopping-mall.jpg\");background-position:center center;background-repeat:no-repeat;background-size:cover;}.elementor-67 .elementor-element.elementor-element-bb7335c::before, .elementor-67 .elementor-element.elementor-element-bb7335c > .elementor-background-video-container::before, .elementor-67 .elementor-element.elementor-element-bb7335c > .e-con-inner > .elementor-background-video-container::before, .elementor-67 .elementor-element.elementor-element-bb7335c > .elementor-background-slideshow::before, .elementor-67 .elementor-element.elementor-element-bb7335c > .e-con-inner > .elementor-background-slideshow::before, .elementor-67 .elementor-element.elementor-element-bb7335c > .elementor-motion-effects-container > .elementor-motion-effects-layer::before{--background-overlay:'';background-color:var( --e-global-color-primary );}.elementor-67 .elementor-element.elementor-element-bb5756d{--display:flex;--flex-direction:column;--container-widget-width:calc( ( 1 - var( --container-widget-flex-grow ) ) * 100% );--container-widget-height:initial;--container-widget-flex-grow:0;--container-widget-align-self:initial;--flex-wrap-mobile:wrap;--justify-content:center;--align-items:center;--gap:0px 0px;--row-gap:0px;--column-gap:0px;--flex-wrap:wrap;--margin-top:140px;--margin-bottom:60px;--margin-left:0px;--margin-right:0px;}.elementor-67 .elementor-element.elementor-element-33af4a6 img{width:33%;}.elementor-67 .elementor-element.elementor-element-010f1fa .elementor-heading-title{font-family:var( --e-global-typography-7d9de81-font-family ), Sans-serif;font-size:var( --e-global-typography-7d9de81-font-size );font-weight:var( --e-global-typography-7d9de81-font-weight );text-transform:var( --e-global-typography-7d9de81-text-transform );font-style:var( --e-global-typography-7d9de81-font-style );text-decoration:var( --e-global-typography-7d9de81-text-decoration );line-height:var( --e-global-typography-7d9de81-line-height );letter-spacing:var( --e-global-typography-7d9de81-letter-spacing );word-spacing:var( --e-global-typography-7d9de81-word-spacing );text-shadow:0px 0px 10px #F08D0C;}.elementor-67 .elementor-element.elementor-element-929642f{--divider-border-style:solid;--divider-color:var( --e-global-color-secondary );--divider-border-width:4px;}.elementor-67 .elementor-element.elementor-element-929642f .elementor-divider-separator{width:3%;margin:0 auto;margin-center:0;}.elementor-67 .elementor-element.elementor-element-929642f .elementor-divider{text-align:center;padding-block-start:15px;padding-block-end:15px;}.elementor-67 .elementor-element.elementor-element-4a5a4331{--display:flex;--flex-direction:column;--container-widget-width:calc( ( 1 - var( --container-widget-flex-grow ) ) * 100% );--container-widget-height:initial;--container-widget-flex-grow:0;--container-widget-align-self:initial;--flex-wrap-mobile:wrap;--justify-content:flex-start;--align-items:stretch;--gap:40px 40px;--row-gap:40px;--column-gap:40px;--flex-wrap:wrap;--overflow:hidden;--padding-top:60px;--padding-bottom:60px;--padding-left:0px;--padding-right:0px;}.elementor-67 .elementor-element.elementor-element-6f496834{--display:flex;--gap:40px 40px;--row-gap:40px;--column-gap:40px;--padding-top:0px;--padding-bottom:0px;--padding-left:0px;--padding-right:0px;}.elementor-67 .elementor-element.elementor-element-2e23889 .exad-gallery-item{padding:0px 10px 0px 10px;margin:0px 0px 20px 0px;}.elementor-67 .elementor-element.elementor-element-2e23889 .exad-gallery-menu{padding:0px 30px 0px 30px;margin:0px 0px 50px 0px;border-radius:0px 0px 0px 0px;box-shadow:0px 10px 33px 0px rgba(51, 77, 128, 0.1);text-align:center;}.elementor-67 .elementor-element.elementor-element-2e23889 .exad-gallery-menu .filter-item{padding:20px 20px 20px 20px;font-family:\"Big Shoulders Display\", Sans-serif;font-size:18px;font-weight:500;text-transform:uppercase;font-style:normal;text-decoration:none;line-height:1.8em;color:var( --e-global-color-secondary );border-style:solid;border-width:0px 0px 2px 0px;border-color:rgba(255,255,255,0);}.elementor-67 .elementor-element.elementor-element-2e23889 .exad-gallery-menu .filter-item:not(:last-child){margin-right:10px;}.elementor-67 .elementor-element.elementor-element-2e23889 .exad-gallery-menu .filter-item:hover{color:#F08D0C;}.elementor-67 .elementor-element.elementor-element-2e23889 .exad-gallery-menu .filter-item.current{color:#F08D0C;border-style:solid;border-width:0px 0px 2px 0px;border-color:#F08D0C;}.elementor-67 .elementor-element.elementor-element-2e23889 .exad-gallery-item .exad-gallery-item-overlay .exad-gallery-item-overlay-content a{height:40px;width:40px;fill:var( --e-global-color-secondary );background:#F08D0C;}.elementor-67 .elementor-element.elementor-element-2e23889 .exad-gallery-item .exad-gallery-item-overlay .exad-gallery-item-overlay-content a svg{height:29px;width:29px;}.elementor-67 .elementor-element.elementor-element-2e23889 .exad-gallery-item .exad-gallery-item-overlay .exad-gallery-item-overlay-content a i{font-size:29px;color:var( --e-global-color-secondary );}.elementor-67 .elementor-element.elementor-element-2e23889 .exad-gallery-item .exad-gallery-item-overlay .exad-gallery-item-overlay-content a:hover{fill:#ffffff;background:#222222;}.elementor-67 .elementor-element.elementor-element-2e23889 .exad-gallery-item .exad-gallery-item-overlay .exad-gallery-item-overlay-content a:hover i{color:#ffffff;}.elementor-67 .elementor-element.elementor-element-2e23889 .exad-gallery-item .exad-gallery-item-content{padding:0px 20px 15px 20px;}.elementor-67 .elementor-element.elementor-element-2e23889 .exad-gallery-element .exad-gallery-item .exad-gallery-item-overlay{background-color:rgba(0,0,0,0.7);}@media(min-width:768px){.elementor-67 .elementor-element.elementor-element-6f496834{--content-width:1600px;}}@media(max-width:1366px){.elementor-67 .elementor-element.elementor-element-010f1fa .elementor-heading-title{font-size:var( --e-global-typography-7d9de81-font-size );line-height:var( --e-global-typography-7d9de81-line-height );letter-spacing:var( --e-global-typography-7d9de81-letter-spacing );word-spacing:var( --e-global-typography-7d9de81-word-spacing );}}@media(max-width:1024px){.elementor-67 .elementor-element.elementor-element-010f1fa .elementor-heading-title{font-size:var( --e-global-typography-7d9de81-font-size );line-height:var( --e-global-typography-7d9de81-line-height );letter-spacing:var( --e-global-typography-7d9de81-letter-spacing );word-spacing:var( --e-global-typography-7d9de81-word-spacing );}.elementor-67 .elementor-element.elementor-element-2e23889 .exad-gallery-item .exad-gallery-item-overlay .exad-gallery-item-overlay-content a{height:50px;width:50px;}}@media(max-width:767px){.elementor-67 .elementor-element.elementor-element-bb7335c:not(.elementor-motion-effects-element-type-background), .elementor-67 .elementor-element.elementor-element-bb7335c > .elementor-motion-effects-container > .elementor-motion-effects-layer{background-image:url(\"https:\/\/normadeco.fr\/wp-content\/uploads\/2025\/05\/christmas-trees-with-red-and-golden-decoration-in-shopping-mall.jpg\");}.elementor-67 .elementor-element.elementor-element-33af4a6 img{width:42%;}.elementor-67 .elementor-element.elementor-element-010f1fa .elementor-heading-title{font-size:var( --e-global-typography-7d9de81-font-size );line-height:var( --e-global-typography-7d9de81-line-height );letter-spacing:var( --e-global-typography-7d9de81-letter-spacing );word-spacing:var( --e-global-typography-7d9de81-word-spacing );}.elementor-67 .elementor-element.elementor-element-2e23889 .exad-gallery-menu{text-align:center;}.elementor-67 .elementor-element.elementor-element-2e23889 .exad-gallery-menu .filter-item:not(:last-child){margin-right:0px;}.elementor-67 .elementor-element.elementor-element-2e23889 .exad-gallery-menu .filter-item{font-size:20px;}.elementor-67 .elementor-element.elementor-element-2e23889 .exad-gallery-item .exad-gallery-item-overlay .exad-gallery-item-overlay-content a{height:40px;width:40px;}}@media(min-width:1367px){.elementor-67 .elementor-element.elementor-element-bb7335c:not(.elementor-motion-effects-element-type-background), .elementor-67 .elementor-element.elementor-element-bb7335c > .elementor-motion-effects-container > .elementor-motion-effects-layer{background-attachment:fixed;}}@media(min-width:2400px){.elementor-67 .elementor-element.elementor-element-bb7335c:not(.elementor-motion-effects-element-type-background), .elementor-67 .elementor-element.elementor-element-bb7335c > .elementor-motion-effects-container > .elementor-motion-effects-layer{background-image:url(\"https:\/\/normadeco.fr\/wp-content\/uploads\/2025\/05\/christmas-trees-with-red-and-golden-decoration-in-shopping-mall.jpg\");}.elementor-67 .elementor-element.elementor-element-010f1fa .elementor-heading-title{font-size:var( --e-global-typography-7d9de81-font-size );line-height:var( --e-global-typography-7d9de81-line-height );letter-spacing:var( --e-global-typography-7d9de81-letter-spacing );word-spacing:var( --e-global-typography-7d9de81-word-spacing );}.elementor-67 .elementor-element.elementor-element-2e23889 .exad-gallery-item .exad-gallery-item-overlay .exad-gallery-item-overlay-content a{height:60px;width:60px;}}<\/style>\t\t<div data-elementor-type=\"wp-page\" data-elementor-id=\"67\" class=\"elementor elementor-67\" data-elementor-post-type=\"page\">\n\t\t\t\t<div class=\"elementor-element elementor-element-bb7335c e-flex e-con-boxed e-con e-parent\" data-id=\"bb7335c\" data-element_type=\"container\" data-e-type=\"container\" data-settings=\"{&quot;background_background&quot;:&quot;classic&quot;}\">\n\t\t\t\t\t<div class=\"e-con-inner\">\n\t\t<div class=\"elementor-element elementor-element-bb5756d e-flex e-con-boxed e-con e-child\" data-id=\"bb5756d\" data-element_type=\"container\" data-e-type=\"container\">\n\t\t\t\t\t<div class=\"e-con-inner\">\n\t\t\t\t<div class=\"elementor-element elementor-element-33af4a6 exad-sticky-section-no exad-glass-effect-no elementor-widget elementor-widget-image\" data-id=\"33af4a6\" data-element_type=\"widget\" data-e-type=\"widget\" data-widget_type=\"image.default\">\n\t\t\t\t<div class=\"elementor-widget-container\">\n\t\t\t\t\t\t\t\t\t\t\t\t\t\t\t<img decoding=\"async\" src=\"https:\/\/www.jaden-sigma.fr\/wp-content\/uploads\/2025\/03\/Sans_titre__500_x_500_px_-removebg-preview.png\" title=\"\" alt=\"\" loading=\"lazy\" \/>\t\t\t\t\t\t\t\t\t\t\t\t\t\t\t<\/div>\n\t\t\t\t<\/div>\n\t\t\t\t<div class=\"elementor-element elementor-element-010f1fa exad-sticky-section-no exad-glass-effect-no elementor-widget elementor-widget-heading\" data-id=\"010f1fa\" data-element_type=\"widget\" data-e-type=\"widget\" data-widget_type=\"heading.default\">\n\t\t\t\t<div class=\"elementor-widget-container\">\n\t\t\t\t\t<h2 class=\"elementor-heading-title elementor-size-default\">NOS R\u00c9ALISATIONS<\/h2>\t\t\t\t<\/div>\n\t\t\t\t<\/div>\n\t\t\t\t<div class=\"elementor-element elementor-element-929642f elementor-widget-divider--view-line exad-sticky-section-no exad-glass-effect-no elementor-widget elementor-widget-divider\" data-id=\"929642f\" data-element_type=\"widget\" data-e-type=\"widget\" data-widget_type=\"divider.default\">\n\t\t\t\t<div class=\"elementor-widget-container\">\n\t\t\t\t\t\t\t<div class=\"elementor-divider\">\n\t\t\t<span class=\"elementor-divider-separator\">\n\t\t\t\t\t\t<\/span>\n\t\t<\/div>\n\t\t\t\t\t\t<\/div>\n\t\t\t\t<\/div>\n\t\t\t\t\t<\/div>\n\t\t\t\t<\/div>\n\t\t\t\t\t<\/div>\n\t\t\t\t<\/div>\n\t\t<div class=\"elementor-element elementor-element-4a5a4331 e-con-full e-flex e-con e-parent\" data-id=\"4a5a4331\" data-element_type=\"container\" data-e-type=\"container\">\n\t\t<div class=\"elementor-element elementor-element-6f496834 e-flex e-con-boxed e-con e-child\" data-id=\"6f496834\" data-element_type=\"container\" data-e-type=\"container\">\n\t\t\t\t\t<div class=\"e-con-inner\">\n\t\t\t\t<div class=\"elementor-element elementor-element-2e23889 exad-sticky-section-no exad-glass-effect-no elementor-widget elementor-widget-exad-filterable-gallery\" data-id=\"2e23889\" data-element_type=\"widget\" data-e-type=\"widget\" data-widget_type=\"exad-filterable-gallery.default\">\n\t\t\t\t<div class=\"elementor-widget-container\">\n\t\t\t\t\t\r\n        <div id =\"exad-filterable-gallery-id-2e23889\" class=\"exad-gallery-items\">\r\n            <div class=\"exad-gallery-one exad-gallery-wrapper\">\r\n                                <div class=\"exad-gallery-menu\">\r\n                                                <button data-filter=\"*\" class=\"filter-item current\">Toutes nos r\u00e9alisations<\/button>\r\n                        <button class=\"filter-item\" data-filter=\".centre-commercial\">centre commercial<\/button><button class=\"filter-item\" data-filter=\".a\u00e9rien\">a\u00e9rien<\/button><button class=\"filter-item\" data-filter=\".sc\u00e8ne\">sc\u00e8ne<\/button><button class=\"filter-item\" data-filter=\".masterpiece\">masterpiece<\/button><button class=\"filter-item\" data-filter=\".sapin\">sapin<\/button><button class=\"filter-item\" data-filter=\".casino\">casino<\/button><button class=\"filter-item\" data-filter=\".fa\u00e7ade\">fa\u00e7ade<\/button>                    <\/div>\r\n                    \r\n                <div id=\"filters-2e23889\" class=\"exad-gallery-element\">\r\n                                        <div class=\"exad-gallery-item centre-commercial a\u00e9rien exad-col-3\">\r\n                            <div class=\"exad-gallery-content-wrapper\">\r\n                                <div class=\"exad-gallery-image\">\r\n                                \r\n                                    <div class=\"exad-gallery-thumbnail-holder\" style=\"background-image: url('https:\/\/www.jaden-sigma.fr\/wp-content\/uploads\/2025\/03\/Decor-plafond-1.jpg');\"><\/div>\r\n                                        <div class=\"exad-gallery-item-overlay exad-zoom-in\">\r\n                                            <div class=\"exad-gallery-item-overlay-content\">\r\n                                                                                            <div class=\"exad-fg-icons\">\r\n                                                \r\n                                                        <a href=\"https:\/\/www.jaden-sigma.fr\/wp-content\/uploads\/2025\/03\/Decor-plafond-1.jpg\" data-elementor-open-lightbox=\"default\" data-elementor-lightbox-slideshow=\"2e23889\" data-elementor-lightbox-index=\"0\">\r\n                                                            <i aria-hidden=\"true\" class=\"teenyicon ti-zoom-in\"><\/i>                                                        <\/a>\r\n                                                                                                    <\/div>\r\n                                                                                    <\/div>\r\n                                    <\/div>\r\n                                <\/div>\r\n                                                            <\/div>\r\n                        <\/div>\r\n                                                <div class=\"exad-gallery-item sc\u00e8ne masterpiece exad-col-3\">\r\n                            <div class=\"exad-gallery-content-wrapper\">\r\n                                <div class=\"exad-gallery-image\">\r\n                                \r\n                                    <div class=\"exad-gallery-thumbnail-holder\" style=\"background-image: url('https:\/\/www.jaden-sigma.fr\/wp-content\/uploads\/2025\/03\/Design-sans-titre-7.png');\"><\/div>\r\n                                        <div class=\"exad-gallery-item-overlay exad-zoom-in\">\r\n                                            <div class=\"exad-gallery-item-overlay-content\">\r\n                                                                                            <div class=\"exad-fg-icons\">\r\n                                                \r\n                                                        <a href=\"https:\/\/www.jaden-sigma.fr\/wp-content\/uploads\/2025\/03\/Design-sans-titre-7.png\" data-elementor-open-lightbox=\"default\" data-elementor-lightbox-slideshow=\"2e23889\" data-elementor-lightbox-index=\"1\">\r\n                                                            <i aria-hidden=\"true\" class=\"teenyicon ti-zoom-in\"><\/i>                                                        <\/a>\r\n                                                                                                    <\/div>\r\n                                                                                    <\/div>\r\n                                    <\/div>\r\n                                <\/div>\r\n                                                            <\/div>\r\n                        <\/div>\r\n                                                <div class=\"exad-gallery-item sapin masterpiece centre-commercial exad-col-3\">\r\n                            <div class=\"exad-gallery-content-wrapper\">\r\n                                <div class=\"exad-gallery-image\">\r\n                                \r\n                                    <div class=\"exad-gallery-thumbnail-holder\" style=\"background-image: url('https:\/\/www.jaden-sigma.fr\/wp-content\/uploads\/2025\/03\/Sapin-1-scaled.jpg');\"><\/div>\r\n                                        <div class=\"exad-gallery-item-overlay exad-zoom-in\">\r\n                                            <div class=\"exad-gallery-item-overlay-content\">\r\n                                                                                            <div class=\"exad-fg-icons\">\r\n                                                \r\n                                                        <a href=\"https:\/\/www.jaden-sigma.fr\/wp-content\/uploads\/2025\/03\/Sapin-1-scaled.jpg\" data-elementor-open-lightbox=\"default\" data-elementor-lightbox-slideshow=\"2e23889\" data-elementor-lightbox-index=\"2\">\r\n                                                            <i aria-hidden=\"true\" class=\"teenyicon ti-zoom-in\"><\/i>                                                        <\/a>\r\n                                                                                                    <\/div>\r\n                                                                                    <\/div>\r\n                                    <\/div>\r\n                                <\/div>\r\n                                                            <\/div>\r\n                        <\/div>\r\n                                                <div class=\"exad-gallery-item casino fa\u00e7ade exad-col-3\">\r\n                            <div class=\"exad-gallery-content-wrapper\">\r\n                                <div class=\"exad-gallery-image\">\r\n                                \r\n                                    <div class=\"exad-gallery-thumbnail-holder\" style=\"background-image: url('https:\/\/www.jaden-sigma.fr\/wp-content\/uploads\/2025\/03\/casino-dieppe-2021.jpg');\"><\/div>\r\n                                        <div class=\"exad-gallery-item-overlay exad-zoom-in\">\r\n                                            <div class=\"exad-gallery-item-overlay-content\">\r\n                                                                                            <div class=\"exad-fg-icons\">\r\n                                                \r\n                                                        <a href=\"https:\/\/www.jaden-sigma.fr\/wp-content\/uploads\/2025\/03\/casino-dieppe-2021.jpg\" data-elementor-open-lightbox=\"default\" data-elementor-lightbox-slideshow=\"2e23889\" data-elementor-lightbox-index=\"3\">\r\n                                                            <i aria-hidden=\"true\" class=\"teenyicon ti-zoom-in\"><\/i>                                                        <\/a>\r\n                                                                                                    <\/div>\r\n                                                                                    <\/div>\r\n                                    <\/div>\r\n                                <\/div>\r\n                                                            <\/div>\r\n                        <\/div>\r\n                                                <div class=\"exad-gallery-item sc\u00e8ne centre-commercial exad-col-3\">\r\n                            <div class=\"exad-gallery-content-wrapper\">\r\n                                <div class=\"exad-gallery-image\">\r\n                                \r\n                                    <div class=\"exad-gallery-thumbnail-holder\" style=\"background-image: url('https:\/\/www.jaden-sigma.fr\/wp-content\/uploads\/2025\/03\/geant-casino-poitiers-2017-rouge-or-4-scaled.jpg');\"><\/div>\r\n                                        <div class=\"exad-gallery-item-overlay exad-zoom-in\">\r\n                                            <div class=\"exad-gallery-item-overlay-content\">\r\n                                                                                            <div class=\"exad-fg-icons\">\r\n                                                \r\n                                                        <a href=\"https:\/\/www.jaden-sigma.fr\/wp-content\/uploads\/2025\/03\/geant-casino-poitiers-2017-rouge-or-4-scaled.jpg\" data-elementor-open-lightbox=\"default\" data-elementor-lightbox-slideshow=\"2e23889\" data-elementor-lightbox-index=\"4\">\r\n                                                            <i aria-hidden=\"true\" class=\"teenyicon ti-zoom-in\"><\/i>                                                        <\/a>\r\n                                                                                                    <\/div>\r\n                                                                                    <\/div>\r\n                                    <\/div>\r\n                                <\/div>\r\n                                                            <\/div>\r\n                        <\/div>\r\n                                                <div class=\"exad-gallery-item a\u00e9rien centre-commercial exad-col-3\">\r\n                            <div class=\"exad-gallery-content-wrapper\">\r\n                                <div class=\"exad-gallery-image\">\r\n                                \r\n                                    <div class=\"exad-gallery-thumbnail-holder\" style=\"background-image: url('https:\/\/www.jaden-sigma.fr\/wp-content\/uploads\/2025\/03\/decors-plafond-2.jpg');\"><\/div>\r\n                                        <div class=\"exad-gallery-item-overlay exad-zoom-in\">\r\n                                            <div class=\"exad-gallery-item-overlay-content\">\r\n                                                                                            <div class=\"exad-fg-icons\">\r\n                                                \r\n                                                        <a href=\"https:\/\/www.jaden-sigma.fr\/wp-content\/uploads\/2025\/03\/decors-plafond-2.jpg\" data-elementor-open-lightbox=\"default\" data-elementor-lightbox-slideshow=\"2e23889\" data-elementor-lightbox-index=\"5\">\r\n                                                            <i aria-hidden=\"true\" class=\"teenyicon ti-zoom-in\"><\/i>                                                        <\/a>\r\n                                                                                                    <\/div>\r\n                                                                                    <\/div>\r\n                                    <\/div>\r\n                                <\/div>\r\n                                                            <\/div>\r\n                        <\/div>\r\n                                        <\/div>\r\n            <\/div>\r\n        <\/div>\r\n        \t\t\t\t<\/div>\n\t\t\t\t<\/div>\n\t\t\t\t\t<\/div>\n\t\t\t\t<\/div>\n\t\t\t\t<\/div>\n\t\t\t\t<\/div>\n\t\t","protected":false},"excerpt":{"rendered":"<p>NOS R\u00c9ALISATIONS Toutes nos r\u00e9alisations centre commerciala\u00e9riensc\u00e8nemasterpiecesapincasinofa\u00e7ade<\/p>\n","protected":false},"author":1,"featured_media":0,"parent":0,"menu_order":0,"comment_status":"closed","ping_status":"closed","template":"elementor_header_footer","meta":{"footnotes":""},"class_list":["post-67","page","type-page","status-publish","hentry"],"_links":{"self":[{"href":"https:\/\/normadeco.fr\/index.php\/wp-json\/wp\/v2\/pages\/67","targetHints":{"allow":["GET"]}}],"collection":[{"href":"https:\/\/normadeco.fr\/index.php\/wp-json\/wp\/v2\/pages"}],"about":[{"href":"https:\/\/normadeco.fr\/index.php\/wp-json\/wp\/v2\/types\/page"}],"author":[{"embeddable":true,"href":"https:\/\/normadeco.fr\/index.php\/wp-json\/wp\/v2\/users\/1"}],"replies":[{"embeddable":true,"href":"https:\/\/normadeco.fr\/index.php\/wp-json\/wp\/v2\/comments?post=67"}],"version-history":[{"count":9,"href":"https:\/\/normadeco.fr\/index.php\/wp-json\/wp\/v2\/pages\/67\/revisions"}],"predecessor-version":[{"id":332,"href":"https:\/\/normadeco.fr\/index.php\/wp-json\/wp\/v2\/pages\/67\/revisions\/332"}],"wp:attachment":[{"href":"https:\/\/normadeco.fr\/index.php\/wp-json\/wp\/v2\/media?parent=67"}],"curies":[{"name":"wp","href":"https:\/\/api.w.org\/{rel}","templated":true}]}}